{"id":102,"date":"2014-02-04T09:55:02","date_gmt":"2014-02-04T08:55:02","guid":{"rendered":"http:\/\/www.vagkonsult.se\/newsite\/?page_id=102"},"modified":"2014-03-06T16:50:17","modified_gmt":"2014-03-06T15:50:17","slug":"metalldetektorer","status":"publish","type":"page","link":"https:\/\/www.vagkonsult.se\/?page_id=102","title":{"rendered":"Metalldetektorer"},"content":{"rendered":"<div class=\"column-grid column-grid-4\"><div class=\"column column-span-1 column-push-0 column-first\"><\/p>\n<p><a href=\"http:\/\/www.vagkonsult.se\/wp-content\/uploads\/2014\/02\/APEX-500.gif\" rel=\"gallery_group\"><img loading=\"lazy\" decoding=\"async\" class=\"alignnone size-full wp-image-52\" alt=\"APEX-500\" src=\"http:\/\/www.vagkonsult.se\/wp-content\/uploads\/2014\/02\/APEX-500.gif\" width=\"300\" height=\"230\" \/><\/a><\/p>\n<p>\n<\/div>\n<p>Vi har arbetat med service och underh\u00e5ll av Goring Kerr metalldetektorer sedan 1993. De har sedan n\u00e5gra \u00e5r tillbaka bytt namn till\u00a0Thermo Fisher Scientific.<\/p>\n<p>Detektorerna tillverkas i den storlek du \u00f6nskar. Vi kan leverera enbart detektorn eller komplett med transport\u00f6r och utsorterade.<\/p>\n<p>Har du detektorer fr\u00e5n Goring Kerr, modell DSP1, DSP2 och DSP3 s\u00e5 finns det ett uppgraderingskitt till dem. Vi byter ut all elektronik och du f\u00e5r d\u00e5 en modern detektor med mycket h\u00f6g noggrannhet. Det \u00e4nda som beh\u00e5lls \u00e4r sj\u00e4lva chassit.\u00a0Kostnaden f\u00f6r detta inklusive montering och intrimning \u00e4r halva kostnaden av en ny detektor.<\/p>\n<p><a href=\"http:\/\/www.vagkonsult.se\/wp-content\/uploads\/2014\/02\/APEX-100-in-Inglese.pdf\">Datablad APEX 100<\/a>, \u00a0<a href=\"http:\/\/www.vagkonsult.se\/wp-content\/uploads\/2014\/02\/APEX-500-in-Inglese.pdf\">Datablad APEX 500<\/a><\/p>\n","protected":false},"excerpt":{"rendered":"<p>Vi har arbetat med service och underh\u00e5ll av Goring Kerr metalldetektorer sedan 1993. De har sedan n\u00e5gra \u00e5r tillbaka bytt namn till\u00a0Thermo Fisher Scientific. Detektorerna tillverkas i den storlek du \u00f6nskar. Vi kan leverera enbart detektorn eller komplett med transport\u00f6r och utsorterade. Har du detektorer fr\u00e5n Goring Kerr, modell DSP1, DSP2 och DSP3 s\u00e5 finns det ett uppgraderingskitt till dem&#8230;.<\/p>\n","protected":false},"author":1,"featured_media":0,"parent":12,"menu_order":6,"comment_status":"closed","ping_status":"closed","template":"page-templates\/template-full-width.php","meta":{"footnotes":""},"class_list":["post-102","page","type-page","status-publish","hentry","has_thumb"],"jetpack_shortlink":"https:\/\/wp.me\/Pcfo3k-1E","_links":{"self":[{"href":"https:\/\/www.vagkonsult.se\/index.php?rest_route=\/wp\/v2\/pages\/102","targetHints":{"allow":["GET"]}}],"collection":[{"href":"https:\/\/www.vagkonsult.se\/index.php?rest_route=\/wp\/v2\/pages"}],"about":[{"href":"https:\/\/www.vagkonsult.se\/index.php?rest_route=\/wp\/v2\/types\/page"}],"author":[{"embeddable":true,"href":"https:\/\/www.vagkonsult.se\/index.php?rest_route=\/wp\/v2\/users\/1"}],"replies":[{"embeddable":true,"href":"https:\/\/www.vagkonsult.se\/index.php?rest_route=%2Fwp%2Fv2%2Fcomments&post=102"}],"version-history":[{"count":8,"href":"https:\/\/www.vagkonsult.se\/index.php?rest_route=\/wp\/v2\/pages\/102\/revisions"}],"predecessor-version":[{"id":466,"href":"https:\/\/www.vagkonsult.se\/index.php?rest_route=\/wp\/v2\/pages\/102\/revisions\/466"}],"up":[{"embeddable":true,"href":"https:\/\/www.vagkonsult.se\/index.php?rest_route=\/wp\/v2\/pages\/12"}],"wp:attachment":[{"href":"https:\/\/www.vagkonsult.se\/index.php?rest_route=%2Fwp%2Fv2%2Fmedia&parent=102"}],"curies":[{"name":"wp","href":"https:\/\/api.w.org\/{rel}","templated":true}]}}