{"id":12,"date":"2014-02-02T13:05:32","date_gmt":"2014-02-02T12:05:32","guid":{"rendered":"http:\/\/www.vagkonsult.se\/newsite\/?page_id=12"},"modified":"2020-07-31T23:10:22","modified_gmt":"2020-07-31T21:10:22","slug":"produkter-och-tjanster-2","status":"publish","type":"page","link":"https:\/\/www.vagkonsult.se\/","title":{"rendered":"Produkter &#038; Tj\u00e4nster"},"content":{"rendered":"<h3 style=\"text-align: left;\"><strong>Vi \u00e4r \u00e5terf\u00f6rs\u00e4ljare f\u00f6r n\u00e5gra av marknadens st\u00f6rsta v\u00e5gtillverkare.\u00a0<\/strong><\/h3>\n<p><a title=\"RiceLake\" href=\"https:\/\/www.ricelake.com\/en-us\/\" target=\"_blank\" rel=\"noopener noreferrer\">RiceLake Weighing System<\/a>,\u00a0lastceller, v\u00e5ginstrument och avancerade v\u00e5gsystem.<br \/>\n<a href=\"http:\/\/www.diniargeo.com\" target=\"_blank\" rel=\"noopener noreferrer\">Dini Argeo<\/a>,\u00a0golvv\u00e5gar, pallv\u00e5gar, pallvagnsv\u00e5gar, fordonsv\u00e5gar mm mm<br \/>\nDini Argeo \u00e4gs av RiceLake Weighing System.<br \/>\n<a href=\"http:\/\/ohaus.com\" target=\"_blank\" rel=\"noopener noreferrer\">Ohaus<\/a>,\u00a0r\u00e4knev\u00e5gar och kontrollv\u00e5gar, stora som sm\u00e5.<br \/>\n<a href=\"http:\/\/www.atraxgroup.com\" target=\"_blank\" rel=\"noopener noreferrer\">Atrax Grope<\/a> som \u00e4r ett av v\u00e4rldens st\u00f6rsta leverant\u00f6r av bagagev\u00e5gar till flygplatser d\u00e4r vi \u00e4r officiell\u00a0leverant\u00f6r och installat\u00f6r i Sverige av deras v\u00e5gar.<\/p>\n<p><div class=\"column-grid column-grid-4\"><div class=\"column column-span-1 column-push-0 column-first\"><p> <a href=\"http:\/\/www.vagkonsult.se\/?page_id=72\"><img loading=\"lazy\" decoding=\"async\" class=\"alignnone size-full wp-image-57\" src=\"http:\/\/www.vagkonsult.se\/wp-content\/uploads\/2014\/02\/Vikter.gif\" alt=\"Vikter\" width=\"300\" height=\"230\" \/><\/a><\/p>\n<p style=\"text-align: center;\">Ackrediterad kalibrering av v\u00e5gar<\/p>\n<p><a style=\"line-height: 1.5em;\" href=\"http:\/\/www.vagkonsult.se\/?page_id=94\"><img loading=\"lazy\" decoding=\"async\" class=\"alignnone size-full wp-image-56\" src=\"http:\/\/www.vagkonsult.se\/wp-content\/uploads\/2014\/02\/Ranger-count.gif\" alt=\"Ranger-count\" width=\"300\" height=\"230\" \/><\/a><\/p>\n<p style=\"text-align: center;\">R\u00e4knev\u00e5gar<\/p>\n<p><a href=\"http:\/\/www.vagkonsult.se\/?page_id=86\"><img loading=\"lazy\" decoding=\"async\" class=\"alignnone size-full wp-image-55\" src=\"http:\/\/www.vagkonsult.se\/wp-content\/uploads\/2014\/02\/Instrument_1.gif\" alt=\"Instrument_1\" width=\"300\" height=\"230\" \/><\/a><\/p>\n<p style=\"text-align: center;\">V\u00e5ginstrument f\u00f6r olika \u00e4ndam\u00e5l<\/p>\n<p>\n<\/div> <div class=\"column column-span-1 column-push-0\"><p> <a href=\"http:\/\/www.vagkonsult.se\/?page_id=98\"><img loading=\"lazy\" decoding=\"async\" class=\"alignnone size-full wp-image-54\" src=\"http:\/\/www.vagkonsult.se\/wp-content\/uploads\/2014\/02\/Explorer.gif\" alt=\"Explorer\" width=\"300\" height=\"230\" \/><\/a><\/p>\n<p style=\"text-align: center;\">Kontrollv\u00e5gar<\/p>\n<p><a href=\"http:\/\/www.vagkonsult.se\/?page_id=90\"><img loading=\"lazy\" decoding=\"async\" class=\"alignnone size-full wp-image-53\" src=\"http:\/\/www.vagkonsult.se\/wp-content\/uploads\/2014\/02\/Bandvag.gif\" alt=\"Bandvag\" width=\"300\" height=\"230\" \/><\/a><\/p>\n<p style=\"text-align: center;\">Bandv\u00e5gar<\/p>\n<p>\u00a0<a href=\"http:\/\/www.vagkonsult.se\/?page_id=102\"><img loading=\"lazy\" decoding=\"async\" class=\"alignnone size-full wp-image-52\" src=\"http:\/\/www.vagkonsult.se\/wp-content\/uploads\/2014\/02\/APEX-500.gif\" alt=\"APEX-500\" width=\"300\" height=\"230\" \/><\/a><\/p>\n<p style=\"text-align: center;\">Metalldetektor &#8211; R\u00f6ntgen<\/p>\n<p>\n<\/div> <div class=\"column column-span-1 column-push-0\"><p> <a href=\"http:\/\/www.vagkonsult.se\/wp-content\/uploads\/2014\/02\/Golvvag_liten2.gif\" rel=\"gallery_group\"><img loading=\"lazy\" decoding=\"async\" class=\"alignnone size-medium wp-image-338\" src=\"http:\/\/www.vagkonsult.se\/wp-content\/uploads\/2014\/02\/Golvvag_liten2-300x230.gif\" alt=\"Golvvag_liten\" width=\"300\" height=\"230\" \/><\/a><\/p>\n<p style=\"text-align: center;\">Golvv\u00e5gar<\/p>\n<p>\u00a0<a href=\"http:\/\/www.vagkonsult.se\/wp-content\/uploads\/2014\/02\/Lastcell_liten1.gif\" rel=\"gallery_group\"><img loading=\"lazy\" decoding=\"async\" class=\"alignnone size-full wp-image-340\" src=\"http:\/\/www.vagkonsult.se\/wp-content\/uploads\/2014\/02\/Lastcell_liten1.gif\" alt=\"Lastcell_liten\" width=\"300\" height=\"230\" \/><\/a><\/p>\n<p style=\"text-align: center;\">Lastceller<\/p>\n<div><a href=\"http:\/\/www.vagkonsult.se\/wp-content\/uploads\/2014\/02\/iDimension_1004.jpg\" rel=\"gallery_group\"><img loading=\"lazy\" decoding=\"async\" class=\"alignnone size-medium wp-image-521\" src=\"http:\/\/www.vagkonsult.se\/wp-content\/uploads\/2014\/02\/iDimension_1004-296x300.jpg\" alt=\"idimension_100\" width=\"296\" height=\"300\" srcset=\"https:\/\/www.vagkonsult.se\/wp-content\/uploads\/2014\/02\/iDimension_1004-296x300.jpg 296w, https:\/\/www.vagkonsult.se\/wp-content\/uploads\/2014\/02\/iDimension_1004.jpg 1000w\" sizes=\"auto, (max-width: 296px) 100vw, 296px\" \/><\/a><\/div>\n<p style=\"text-align: left;\">Dimensioneringsm\u00e4tning<\/p>\n<p style=\"text-align: left;\">\n<\/div><\/p>\n","protected":false},"excerpt":{"rendered":"<p>Vi \u00e4r \u00e5terf\u00f6rs\u00e4ljare f\u00f6r n\u00e5gra av marknadens st\u00f6rsta v\u00e5gtillverkare.\u00a0 RiceLake Weighing System,\u00a0lastceller, v\u00e5ginstrument och avancerade v\u00e5gsystem. Dini Argeo,\u00a0golvv\u00e5gar, pallv\u00e5gar, pallvagnsv\u00e5gar, fordonsv\u00e5gar mm mm Dini Argeo \u00e4gs av RiceLake Weighing System. Ohaus,\u00a0r\u00e4knev\u00e5gar och kontrollv\u00e5gar, stora som sm\u00e5. Atrax Grope som \u00e4r ett av v\u00e4rldens st\u00f6rsta leverant\u00f6r av bagagev\u00e5gar till flygplatser d\u00e4r vi \u00e4r officiell\u00a0leverant\u00f6r och installat\u00f6r i Sverige av deras v\u00e5gar.<\/p>\n","protected":false},"author":1,"featured_media":0,"parent":0,"menu_order":0,"comment_status":"closed","ping_status":"closed","template":"page-templates\/template-full-width.php","meta":{"footnotes":""},"class_list":["post-12","page","type-page","status-publish","hentry","has_thumb"],"jetpack_shortlink":"https:\/\/wp.me\/Pcfo3k-c","_links":{"self":[{"href":"https:\/\/www.vagkonsult.se\/index.php?rest_route=\/wp\/v2\/pages\/12","targetHints":{"allow":["GET"]}}],"collection":[{"href":"https:\/\/www.vagkonsult.se\/index.php?rest_route=\/wp\/v2\/pages"}],"about":[{"href":"https:\/\/www.vagkonsult.se\/index.php?rest_route=\/wp\/v2\/types\/page"}],"author":[{"embeddable":true,"href":"https:\/\/www.vagkonsult.se\/index.php?rest_route=\/wp\/v2\/users\/1"}],"replies":[{"embeddable":true,"href":"https:\/\/www.vagkonsult.se\/index.php?rest_route=%2Fwp%2Fv2%2Fcomments&post=12"}],"version-history":[{"count":90,"href":"https:\/\/www.vagkonsult.se\/index.php?rest_route=\/wp\/v2\/pages\/12\/revisions"}],"predecessor-version":[{"id":556,"href":"https:\/\/www.vagkonsult.se\/index.php?rest_route=\/wp\/v2\/pages\/12\/revisions\/556"}],"wp:attachment":[{"href":"https:\/\/www.vagkonsult.se\/index.php?rest_route=%2Fwp%2Fv2%2Fmedia&parent=12"}],"curies":[{"name":"wp","href":"https:\/\/api.w.org\/{rel}","templated":true}]}}