{"id":176,"date":"2014-02-05T09:55:57","date_gmt":"2014-02-05T08:55:57","guid":{"rendered":"http:\/\/www.vagkonsult.se\/newsite\/?page_id=176"},"modified":"2020-07-31T22:43:14","modified_gmt":"2020-07-31T20:43:14","slug":"vaginstrument-1","status":"publish","type":"page","link":"https:\/\/www.vagkonsult.se\/?page_id=176","title":{"rendered":"DFWLB"},"content":{"rendered":"<p><div class=\"column-grid column-grid-4\"><div class=\"column column-span-1 column-push-0 column-first\"><p>\n<a href=\"https:\/\/www.vagkonsult.se\/wp-content\/uploads\/2020\/07\/DFWLB.png\" rel=\"gallery_group\"><img loading=\"lazy\" decoding=\"async\" class=\"alignnone wp-image-547 size-medium\" src=\"https:\/\/www.vagkonsult.se\/wp-content\/uploads\/2020\/07\/DFWLB-300x244.png\" alt=\"\" width=\"300\" height=\"244\" srcset=\"https:\/\/www.vagkonsult.se\/wp-content\/uploads\/2020\/07\/DFWLB-300x244.png 300w, https:\/\/www.vagkonsult.se\/wp-content\/uploads\/2020\/07\/DFWLB.png 644w\" sizes=\"auto, (max-width: 300px) 100vw, 300px\" \/><\/a><\/p>\n<\/div><br \/>\nV\u00e5rt enklaste v\u00e5ginstrument l\u00e4mpligt att anv\u00e4nda i b\u00e4nk eller golvv\u00e5gar.<\/p>\n<p>Instrumentet kan k\u00f6ras p\u00e5 batteri<\/p>\n<p>20 mm h\u00f6ga siffror<\/p>\n<p>Klarar upp till 4 lastceller<\/p>\n<p>1 000 000 internuppl\u00f6sning<\/p>\n<p>100 000 i displayuppl\u00f6sning<\/p>\n<p>30 omvandlingar per sekund<\/p>\n<p>Brutto, netto, tara<\/p>\n<p>&nbsp;<\/p>\n","protected":false},"excerpt":{"rendered":"<p>V\u00e5rt enklaste v\u00e5ginstrument l\u00e4mpligt att anv\u00e4nda i b\u00e4nk eller golvv\u00e5gar. Instrumentet kan k\u00f6ras p\u00e5 batteri 20 mm h\u00f6ga siffror Klarar upp till 4 lastceller 1 000 000 internuppl\u00f6sning 100 000 i displayuppl\u00f6sning 30 omvandlingar per sekund Brutto, netto, tara &nbsp;<\/p>\n","protected":false},"author":1,"featured_media":547,"parent":86,"menu_order":0,"comment_status":"closed","ping_status":"closed","template":"page-templates\/template-full-width.php","meta":{"footnotes":""},"class_list":["post-176","page","type-page","status-publish","has-post-thumbnail","hentry","has_thumb"],"jetpack_shortlink":"https:\/\/wp.me\/Pcfo3k-2Q","_links":{"self":[{"href":"https:\/\/www.vagkonsult.se\/index.php?rest_route=\/wp\/v2\/pages\/176","targetHints":{"allow":["GET"]}}],"collection":[{"href":"https:\/\/www.vagkonsult.se\/index.php?rest_route=\/wp\/v2\/pages"}],"about":[{"href":"https:\/\/www.vagkonsult.se\/index.php?rest_route=\/wp\/v2\/types\/page"}],"author":[{"embeddable":true,"href":"https:\/\/www.vagkonsult.se\/index.php?rest_route=\/wp\/v2\/users\/1"}],"replies":[{"embeddable":true,"href":"https:\/\/www.vagkonsult.se\/index.php?rest_route=%2Fwp%2Fv2%2Fcomments&post=176"}],"version-history":[{"count":8,"href":"https:\/\/www.vagkonsult.se\/index.php?rest_route=\/wp\/v2\/pages\/176\/revisions"}],"predecessor-version":[{"id":549,"href":"https:\/\/www.vagkonsult.se\/index.php?rest_route=\/wp\/v2\/pages\/176\/revisions\/549"}],"up":[{"embeddable":true,"href":"https:\/\/www.vagkonsult.se\/index.php?rest_route=\/wp\/v2\/pages\/86"}],"wp:featuredmedia":[{"embeddable":true,"href":"https:\/\/www.vagkonsult.se\/index.php?rest_route=\/wp\/v2\/media\/547"}],"wp:attachment":[{"href":"https:\/\/www.vagkonsult.se\/index.php?rest_route=%2Fwp%2Fv2%2Fmedia&parent=176"}],"curies":[{"name":"wp","href":"https:\/\/api.w.org\/{rel}","templated":true}]}}