{"id":219,"date":"2014-02-05T14:12:18","date_gmt":"2014-02-05T13:12:18","guid":{"rendered":"http:\/\/www.vagkonsult.se\/?page_id=219"},"modified":"2014-02-05T14:22:47","modified_gmt":"2014-02-05T13:22:47","slug":"iq-355-2","status":"publish","type":"page","link":"https:\/\/www.vagkonsult.se\/?page_id=219","title":{"rendered":"IQ 355"},"content":{"rendered":"<div class=\"column-grid column-grid-4\"><div class=\"column column-span-1 column-push-0 column-first\"><p><a href=\"http:\/\/www.vagkonsult.se\/wp-content\/uploads\/2014\/02\/355_stor.gif\" rel=\"gallery_group\"><img loading=\"lazy\" decoding=\"async\" class=\"size-medium wp-image-182 alignnone\" alt=\"V\u00e5ginstrument IQ 355\" src=\"http:\/\/www.vagkonsult.se\/wp-content\/uploads\/2014\/02\/355_stor-300x230.gif\" width=\"300\" height=\"230\" \/><\/a><\/p>\n<p>\n<\/div><br \/>\nDetta \u00e4r ett av v\u00e5ra enklaste v\u00e5ginstrument fr\u00e5n Rice Lake.<br \/>\nDet \u00e4r spolt\u00e4tt i stabil rostfri kapsling.<br \/>\nDet har de n\u00f6dv\u00e4ndigaste funktionerna.<br \/>\n\u00c4r mycket enkelt att installera.<br \/>\nKonfigurering g\u00f6rs fr\u00e5n frontpanelen eller via dator.<br \/>\nData och skrivarutg\u00e5ng.<br \/>\nBrutto, Netto och tara.<\/p>\n<p>Tv\u00e5 digitala ing\u00e5ngar f\u00f6r tex extern tarering och print<\/p>\n<p>Standardfunktioner:<\/p>\n<p>Stor r\u00f6d display (20,3 mm)<br \/>\nRostfri, spolbar kapsling<br \/>\n2 inbyggda kommunikationsportar<br \/>\n2 st Digitala ing\u00e5ngar<br \/>\nLastcellsmatning 8 st 350-ohms lastceller<br \/>\n3-stegs filter<br \/>\n2&#215;300 teckens programmerbart utskriftsformat<br \/>\n5 st operat\u00f6rsknappar<br \/>\nPrim\u00e4r\/sekund\u00e4r visning i display<br \/>\nBrutto \/ Netto \/ Tara funktion<\/p>\n","protected":false},"excerpt":{"rendered":"<p>Detta \u00e4r ett av v\u00e5ra enklaste v\u00e5ginstrument fr\u00e5n Rice Lake. Det \u00e4r spolt\u00e4tt i stabil rostfri kapsling. Det har de n\u00f6dv\u00e4ndigaste funktionerna. \u00c4r mycket enkelt att installera. Konfigurering g\u00f6rs fr\u00e5n frontpanelen eller via dator. Data och skrivarutg\u00e5ng. Brutto, Netto och tara. Tv\u00e5 digitala ing\u00e5ngar f\u00f6r tex extern tarering och print Standardfunktioner: Stor r\u00f6d display (20,3 mm) Rostfri, spolbar kapsling 2&#8230;<\/p>\n","protected":false},"author":1,"featured_media":0,"parent":86,"menu_order":0,"comment_status":"closed","ping_status":"closed","template":"page-templates\/template-full-width.php","meta":{"footnotes":""},"class_list":["post-219","page","type-page","status-publish","hentry","has_thumb"],"jetpack_shortlink":"https:\/\/wp.me\/Pcfo3k-3x","_links":{"self":[{"href":"https:\/\/www.vagkonsult.se\/index.php?rest_route=\/wp\/v2\/pages\/219","targetHints":{"allow":["GET"]}}],"collection":[{"href":"https:\/\/www.vagkonsult.se\/index.php?rest_route=\/wp\/v2\/pages"}],"about":[{"href":"https:\/\/www.vagkonsult.se\/index.php?rest_route=\/wp\/v2\/types\/page"}],"author":[{"embeddable":true,"href":"https:\/\/www.vagkonsult.se\/index.php?rest_route=\/wp\/v2\/users\/1"}],"replies":[{"embeddable":true,"href":"https:\/\/www.vagkonsult.se\/index.php?rest_route=%2Fwp%2Fv2%2Fcomments&post=219"}],"version-history":[{"count":8,"href":"https:\/\/www.vagkonsult.se\/index.php?rest_route=\/wp\/v2\/pages\/219\/revisions"}],"predecessor-version":[{"id":231,"href":"https:\/\/www.vagkonsult.se\/index.php?rest_route=\/wp\/v2\/pages\/219\/revisions\/231"}],"up":[{"embeddable":true,"href":"https:\/\/www.vagkonsult.se\/index.php?rest_route=\/wp\/v2\/pages\/86"}],"wp:attachment":[{"href":"https:\/\/www.vagkonsult.se\/index.php?rest_route=%2Fwp%2Fv2%2Fmedia&parent=219"}],"curies":[{"name":"wp","href":"https:\/\/api.w.org\/{rel}","templated":true}]}}