{"id":232,"date":"2014-02-05T14:31:21","date_gmt":"2014-02-05T13:31:21","guid":{"rendered":"http:\/\/www.vagkonsult.se\/?page_id=232"},"modified":"2014-03-05T14:45:48","modified_gmt":"2014-03-05T13:45:48","slug":"920i","status":"publish","type":"page","link":"https:\/\/www.vagkonsult.se\/?page_id=232","title":{"rendered":"920i"},"content":{"rendered":"<div class=\"column-grid column-grid-4\"><div class=\"column column-span-1 column-push-0 column-first\"><\/p>\n<p><a href=\"http:\/\/www.vagkonsult.se\/wp-content\/uploads\/2014\/02\/920_fron_stor.gif\" rel=\"gallery_group\"><img loading=\"lazy\" decoding=\"async\" class=\"alignnone size-medium wp-image-190\" alt=\"920_fron_stor\" src=\"http:\/\/www.vagkonsult.se\/wp-content\/uploads\/2014\/02\/920_fron_stor-300x230.gif\" width=\"300\" height=\"230\" \/><\/a><\/p>\n<p>\n<\/div>\n<p>Ett av marknadens snabbaste och mest flexibla v\u00e5ginstrument.<\/p>\n<p><a href=\"http:\/\/www.vagkonsult.se\/wp-content\/uploads\/2014\/02\/920i.pdf\">F\u00f6r datablad, klicka h\u00e4r<\/a><\/p>\n<p>Instrumentet finns med program f\u00f6r recepthantering, batchv\u00e4gning, dosering, r\u00e4knev\u00e4gning, tolerasnkontroll.<br \/>\nDet finns i universalmodell som ovan, bordsmodell eller f\u00f6r inbyggnad i sk\u00e5p.<br \/>\nTackvare att instrumentet \u00e4r fritt programmerbart kan det g\u00f6ra exakt det du vill f\u00e5 det att g\u00f6ra. L\u00e4gg d\u00e4r till den extremt h\u00f6ga uppl\u00f6sningen, den extremt supersnabba A\/D omvandlingen och n\u00e4tverksanslutningen och det blir ett av markandens effektivaste v\u00e5ginstrument.<\/p>\n<p>Vi har egen, kontrakterad personal som sk\u00f6ter programmeringen.<\/p>\n<p>Alla program och inst\u00e4llningar lagras i pc-dator. Dessa \u00e4r fullt nedladdningsbara till instrumentet f\u00f6r att f\u00f6renkla backupp och nyinstallation. \u00c4ven kalibreringsdata kan nedladdas.<\/p>\n<p>Instrumentet har:<\/p>\n<p>Stor bakgrunds-belyst grafisk LCD sk\u00e4rm, 11,5 x 8,5 cm<\/p>\n<p>Valbar textstorlek mellan 0,6 till 3 cm h\u00f6g<\/p>\n<p>60 konfigurerbara operat\u00f6rsmarkeringar<\/p>\n<p>Samtidig visning av upp till 4 v\u00e5gar med lagstadgade symboler<\/p>\n<p>Samtidig visning av max 32 v\u00e5gar<\/p>\n<p>5 funktionstangenter med 10 programmerbara anv\u00e4ndarfunktioner<\/p>\n<p>14 funktioner per sk\u00e4rm<\/p>\n<p>10 programmerbara displayer<\/p>\n<p>Front och\/eller dator konfigurering<\/p>\n<p>Millivolt eller d\u00f6dviktskalibrering, 5-stegs linj\u00e4risering och geografisk kalibrering<\/p>\n<p>Valbar hastighet p\u00e5 A\/D omvandlingen, upp till 960 omvandlingar per sekund<\/p>\n<p>Fyra serieportar<\/p>\n<p>PS\/2 tangentbords port<\/p>\n<p>Rostfri kapsling i IP 66<\/p>\n<p>Fyra digitala I\/O som enkelt kan ut\u00f6kas i steg om 24.<\/p>\n<p>100 setpoints, 30 konfigurerbara set points<\/p>\n<p>Tv\u00e5 slot f\u00f6r options kort<\/p>\n<p>64K NV RAM<\/p>\n<p>ESP prossessor<\/p>\n<p>Programmerbart 128K flash-minne<\/p>\n<p>Kan driva 16 st 350 ohms lastceller per A\/D kort<\/p>\n<p>Str\u00f6mf\u00f6rs\u00f6rjning<\/p>\n<p>230 VAC<\/p>\n<p>65 W p\u00e5 Sekund\u00e4r<\/p>\n<p>100 W TRMS<\/p>\n<p>Str\u00f6mf\u00f6rbrukning 1,0 A TRMS<\/p>\n<p>Instrumentet kan f\u00f6rses med:<\/p>\n<p>Extra minne p\u00e5 1MB NV RAM<\/p>\n<p>Valfritt programutf\u00f6rande<\/p>\n<p>Valfri displaylayout<\/p>\n<p>Anslutning till 1 &#8211; 32 v\u00e5gar f\u00f6r\u00a0 samtidig viktvisning<\/p>\n<p>Extra digitala I\/O i grupper om 24 st<\/p>\n<p>Analog utg\u00e5ngskort 0-10 V, 4 &#8211; 20 mA<\/p>\n<p>Extra serieportar<\/p>\n<p>Pulsing\u00e5ngskort<\/p>\n<p>DeviceNet interface<\/p>\n<p>Allen-Bradley Remote I\/O interface<\/p>\n<p>Profibus<\/p>\n<p>Ethernet TCP\/IP 10\/100 T-module<\/p>\n<p>Ethernet Thin Server<\/p>\n<p>Rel\u00e4utg\u00e5ngar<\/p>\n<p>Till vissa eller flera av ovanst\u00e5ende tillbeh\u00f6r fodras expansionskort. Dessa finns i 2 eller 6-korts utf\u00f6rande. Flera expansionskort kan parallellkopplas.<\/p>\n","protected":false},"excerpt":{"rendered":"<p>Ett av marknadens snabbaste och mest flexibla v\u00e5ginstrument. F\u00f6r datablad, klicka h\u00e4r Instrumentet finns med program f\u00f6r recepthantering, batchv\u00e4gning, dosering, r\u00e4knev\u00e4gning, tolerasnkontroll. Det finns i universalmodell som ovan, bordsmodell eller f\u00f6r inbyggnad i sk\u00e5p. Tackvare att instrumentet \u00e4r fritt programmerbart kan det g\u00f6ra exakt det du vill f\u00e5 det att g\u00f6ra. L\u00e4gg d\u00e4r till den extremt h\u00f6ga uppl\u00f6sningen, den extremt&#8230;<\/p>\n","protected":false},"author":1,"featured_media":190,"parent":86,"menu_order":0,"comment_status":"closed","ping_status":"closed","template":"page-templates\/template-full-width.php","meta":{"footnotes":""},"class_list":["post-232","page","type-page","status-publish","has-post-thumbnail","hentry","has_thumb"],"jetpack_shortlink":"https:\/\/wp.me\/Pcfo3k-3K","_links":{"self":[{"href":"https:\/\/www.vagkonsult.se\/index.php?rest_route=\/wp\/v2\/pages\/232","targetHints":{"allow":["GET"]}}],"collection":[{"href":"https:\/\/www.vagkonsult.se\/index.php?rest_route=\/wp\/v2\/pages"}],"about":[{"href":"https:\/\/www.vagkonsult.se\/index.php?rest_route=\/wp\/v2\/types\/page"}],"author":[{"embeddable":true,"href":"https:\/\/www.vagkonsult.se\/index.php?rest_route=\/wp\/v2\/users\/1"}],"replies":[{"embeddable":true,"href":"https:\/\/www.vagkonsult.se\/index.php?rest_route=%2Fwp%2Fv2%2Fcomments&post=232"}],"version-history":[{"count":6,"href":"https:\/\/www.vagkonsult.se\/index.php?rest_route=\/wp\/v2\/pages\/232\/revisions"}],"predecessor-version":[{"id":353,"href":"https:\/\/www.vagkonsult.se\/index.php?rest_route=\/wp\/v2\/pages\/232\/revisions\/353"}],"up":[{"embeddable":true,"href":"https:\/\/www.vagkonsult.se\/index.php?rest_route=\/wp\/v2\/pages\/86"}],"wp:featuredmedia":[{"embeddable":true,"href":"https:\/\/www.vagkonsult.se\/index.php?rest_route=\/wp\/v2\/media\/190"}],"wp:attachment":[{"href":"https:\/\/www.vagkonsult.se\/index.php?rest_route=%2Fwp%2Fv2%2Fmedia&parent=232"}],"curies":[{"name":"wp","href":"https:\/\/api.w.org\/{rel}","templated":true}]}}