{"id":24,"date":"2014-02-02T13:12:14","date_gmt":"2014-02-02T12:12:14","guid":{"rendered":"http:\/\/www.vagkonsult.se\/newsite\/?page_id=24"},"modified":"2025-03-03T15:31:20","modified_gmt":"2025-03-03T14:31:20","slug":"om","status":"publish","type":"page","link":"https:\/\/www.vagkonsult.se\/?page_id=24","title":{"rendered":"Om"},"content":{"rendered":"<p align=\"left\">V\u00e5gkonsult i Eskilstuna AB startade 1992.<\/p>\n<p align=\"left\">Redan 1982 b\u00f6rjade Christer Dahlin arbeta med service och underh\u00e5ll av industriv\u00e5gar.<br \/>\nF\u00f6rst p\u00e5 Telub\/Stathmos och d\u00e4refter p\u00e5 Svenska V\u00e5g.<\/p>\n<p align=\"left\">H\u00e4r hittar du det mesta inom industriell v\u00e4gning.<\/p>\n<p align=\"left\">Enkla r\u00e4knev\u00e5gar eller avancerade r\u00e4knev\u00e5gssystem,<br \/>\nenkla kontrollv\u00e5gar eller h\u00f6gprecisionsv\u00e5gar,<br \/>\nlastceller fr\u00e5n n\u00e5gra hundra gram till \u00f6ver 150 000 kg<br \/>\nbatch v\u00e5gar eller receptstyrda v\u00e5gar<br \/>\nsm\u00e5 b\u00e4nkv\u00e5gar till stora golvv\u00e5gar<br \/>\nbandv\u00e5gar som klarar allt fr\u00e5n l\u00e4tt tr\u00e4flis till tungt grus<\/p>\n<p align=\"left\">Metalldetektorer till livsmedelsindustrin<\/p>\n<p align=\"left\">Beh\u00f6ver du tillf\u00e4lligt en v\u00e5g f\u00f6r din inventering kan du hyra den av oss.<\/p>\n<p align=\"left\">Vi \u00e4r ackrediterade av\u00a0<a href=\"http:\/\/www.swedac.se\/\" target=\"_blank\" rel=\"noopener\">SWEDAC<\/a>\u00a0enligt ISO 17025\u00a0<span style=\"line-height: 1.5em;\">f\u00f6r kalibrering av industriv\u00e5gar.<\/span><br \/>\nV\u00e5rt labnr \u00e4r 1470<\/p>\n<p align=\"left\">Adress:<br \/>\nV\u00e5gkonsult i Eskilstuna AB<br \/>\nL\u00f6tv\u00e4gen 7<br \/>\n635 36 \u00c4rla<\/p>\n<p align=\"left\">Mobil 070-578 95 86 \u00a0Christer Dahlin<\/p>\n","protected":false},"excerpt":{"rendered":"<p>V\u00e5gkonsult i Eskilstuna AB startade 1992. Redan 1982 b\u00f6rjade Christer Dahlin arbeta med service och underh\u00e5ll av industriv\u00e5gar. F\u00f6rst p\u00e5 Telub\/Stathmos och d\u00e4refter p\u00e5 Svenska V\u00e5g. H\u00e4r hittar du det mesta inom industriell v\u00e4gning. Enkla r\u00e4knev\u00e5gar eller avancerade r\u00e4knev\u00e5gssystem, enkla kontrollv\u00e5gar eller h\u00f6gprecisionsv\u00e5gar, lastceller fr\u00e5n n\u00e5gra hundra gram till \u00f6ver 150 000 kg batch v\u00e5gar eller receptstyrda v\u00e5gar sm\u00e5 b\u00e4nkv\u00e5gar&#8230;<\/p>\n","protected":false},"author":1,"featured_media":0,"parent":0,"menu_order":0,"comment_status":"closed","ping_status":"closed","template":"page-templates\/template-full-width.php","meta":{"footnotes":""},"class_list":["post-24","page","type-page","status-publish","hentry","has_no_thumb"],"jetpack_shortlink":"https:\/\/wp.me\/Pcfo3k-o","_links":{"self":[{"href":"https:\/\/www.vagkonsult.se\/index.php?rest_route=\/wp\/v2\/pages\/24","targetHints":{"allow":["GET"]}}],"collection":[{"href":"https:\/\/www.vagkonsult.se\/index.php?rest_route=\/wp\/v2\/pages"}],"about":[{"href":"https:\/\/www.vagkonsult.se\/index.php?rest_route=\/wp\/v2\/types\/page"}],"author":[{"embeddable":true,"href":"https:\/\/www.vagkonsult.se\/index.php?rest_route=\/wp\/v2\/users\/1"}],"replies":[{"embeddable":true,"href":"https:\/\/www.vagkonsult.se\/index.php?rest_route=%2Fwp%2Fv2%2Fcomments&post=24"}],"version-history":[{"count":9,"href":"https:\/\/www.vagkonsult.se\/index.php?rest_route=\/wp\/v2\/pages\/24\/revisions"}],"predecessor-version":[{"id":558,"href":"https:\/\/www.vagkonsult.se\/index.php?rest_route=\/wp\/v2\/pages\/24\/revisions\/558"}],"wp:attachment":[{"href":"https:\/\/www.vagkonsult.se\/index.php?rest_route=%2Fwp%2Fv2%2Fmedia&parent=24"}],"curies":[{"name":"wp","href":"https:\/\/api.w.org\/{rel}","templated":true}]}}