{"id":247,"date":"2014-02-05T15:57:18","date_gmt":"2014-02-05T14:57:18","guid":{"rendered":"http:\/\/www.vagkonsult.se\/?page_id=247"},"modified":"2014-03-05T14:41:07","modified_gmt":"2014-03-05T13:41:07","slug":"480-2","status":"publish","type":"page","link":"https:\/\/www.vagkonsult.se\/?page_id=247","title":{"rendered":"480"},"content":{"rendered":"<div class=\"column-grid column-grid-4\"><div class=\"column column-span-1 column-push-0 column-first\"><\/p>\n<p><a title=\"480\" href=\"http:\/\/www.vagkonsult.se\/?page_id=247\"><img loading=\"lazy\" decoding=\"async\" class=\"alignnone size-medium wp-image-194\" alt=\"SL_480-1\" src=\"http:\/\/www.vagkonsult.se\/wp-content\/uploads\/2014\/02\/SL_480-1-300x230.gif\" width=\"300\" height=\"230\" \/><\/a><a href=\"http:\/\/www.vagkonsult.se\/wp-content\/uploads\/2014\/02\/SL_480.pdf\"><br \/>\n<\/a><\/p>\n<p>\n<\/div>\n<p>V\u00e5rt senaste tillskott p\u00e5 instrumentsidan.<\/p>\n<p>Instrumentet \u00e4r l\u00e4mpligt att anv\u00e4nda till golv och b\u00e4nkv\u00e5gar.<\/p>\n<p>Det har stora tydliga r\u00f6da siffror.<\/p>\n<p>Snabb A\/D omvandlare, upp till 40 Hz med 500 000 internuppl\u00f6sning.<\/p>\n<p>Det har Brutto, Netto, Tara, utg\u00e5ng till skrivare\/dator.<\/p>\n<p>Kan kompletteras med analog utg\u00e5ng, 4 st digitala I\/O f\u00f6r enklare dosering eller niv\u00e5\u00f6vervakning.<\/p>\n<p>Det ers\u00e4tter stors\u00e4ljaren IQ355.<\/p>\n<p><a href=\"http:\/\/www.vagkonsult.se\/wp-content\/uploads\/2014\/02\/SL_480.pdf\">F\u00f6r datablad, klicka h\u00e4r<\/a><\/p>\n<p>&nbsp;<\/p>\n<p>&nbsp;<\/p>\n","protected":false},"excerpt":{"rendered":"<p>V\u00e5rt senaste tillskott p\u00e5 instrumentsidan. Instrumentet \u00e4r l\u00e4mpligt att anv\u00e4nda till golv och b\u00e4nkv\u00e5gar. Det har stora tydliga r\u00f6da siffror. Snabb A\/D omvandlare, upp till 40 Hz med 500 000 internuppl\u00f6sning. Det har Brutto, Netto, Tara, utg\u00e5ng till skrivare\/dator. Kan kompletteras med analog utg\u00e5ng, 4 st digitala I\/O f\u00f6r enklare dosering eller niv\u00e5\u00f6vervakning. Det ers\u00e4tter stors\u00e4ljaren IQ355. F\u00f6r datablad, klicka&#8230;<\/p>\n","protected":false},"author":1,"featured_media":0,"parent":86,"menu_order":0,"comment_status":"closed","ping_status":"closed","template":"page-templates\/template-full-width.php","meta":{"footnotes":""},"class_list":["post-247","page","type-page","status-publish","hentry","has_thumb"],"jetpack_shortlink":"https:\/\/wp.me\/Pcfo3k-3Z","_links":{"self":[{"href":"https:\/\/www.vagkonsult.se\/index.php?rest_route=\/wp\/v2\/pages\/247","targetHints":{"allow":["GET"]}}],"collection":[{"href":"https:\/\/www.vagkonsult.se\/index.php?rest_route=\/wp\/v2\/pages"}],"about":[{"href":"https:\/\/www.vagkonsult.se\/index.php?rest_route=\/wp\/v2\/types\/page"}],"author":[{"embeddable":true,"href":"https:\/\/www.vagkonsult.se\/index.php?rest_route=\/wp\/v2\/users\/1"}],"replies":[{"embeddable":true,"href":"https:\/\/www.vagkonsult.se\/index.php?rest_route=%2Fwp%2Fv2%2Fcomments&post=247"}],"version-history":[{"count":10,"href":"https:\/\/www.vagkonsult.se\/index.php?rest_route=\/wp\/v2\/pages\/247\/revisions"}],"predecessor-version":[{"id":351,"href":"https:\/\/www.vagkonsult.se\/index.php?rest_route=\/wp\/v2\/pages\/247\/revisions\/351"}],"up":[{"embeddable":true,"href":"https:\/\/www.vagkonsult.se\/index.php?rest_route=\/wp\/v2\/pages\/86"}],"wp:attachment":[{"href":"https:\/\/www.vagkonsult.se\/index.php?rest_route=%2Fwp%2Fv2%2Fmedia&parent=247"}],"curies":[{"name":"wp","href":"https:\/\/api.w.org\/{rel}","templated":true}]}}