{"id":265,"date":"2014-02-05T17:11:46","date_gmt":"2014-02-05T16:11:46","guid":{"rendered":"http:\/\/www.vagkonsult.se\/?page_id=265"},"modified":"2014-03-05T14:43:09","modified_gmt":"2014-03-05T13:43:09","slug":"720i-2","status":"publish","type":"page","link":"https:\/\/www.vagkonsult.se\/?page_id=265","title":{"rendered":"720i"},"content":{"rendered":"<div class=\"column-grid column-grid-4\"><div class=\"column column-span-1 column-push-0 column-first\"><\/p>\n<p><a href=\"http:\/\/www.vagkonsult.se\/wp-content\/uploads\/2014\/02\/720i_stor_12.gif\" rel=\"gallery_group\"><img loading=\"lazy\" decoding=\"async\" class=\"alignnone size-medium wp-image-243\" alt=\"720i_stor_1\" src=\"http:\/\/www.vagkonsult.se\/wp-content\/uploads\/2014\/02\/720i_stor_12-300x230.gif\" width=\"300\" height=\"230\" \/><\/a><\/p>\n<p><a href=\"http:\/\/www.vagkonsult.se\/wp-content\/uploads\/2014\/02\/720_stor-panel.gif\" rel=\"gallery_group\"><img loading=\"lazy\" decoding=\"async\" class=\"alignnone size-medium wp-image-187\" alt=\"720_stor-panel\" src=\"http:\/\/www.vagkonsult.se\/wp-content\/uploads\/2014\/02\/720_stor-panel-300x230.gif\" width=\"300\" height=\"230\" \/><\/a><\/p>\n<p>\n<\/div>\n<p>V\u00e5rt b\u00e4sts\u00e4ljande i programmerbara v\u00e5ginstrument.<\/p>\n<p>Det finns i tv\u00e5 olika kapslingar, universal med siffertangenter f\u00f6r inmatning av tex b\u00f6rv\u00e4rden och i panelmonterat utf\u00f6rande d\u00e4r inmatning sker genom att skrolla in siffror.<\/p>\n<p>Instrumentet har 8 digitala I\/O fritt programmerbara<\/p>\n<p>Datum och tid<\/p>\n<p>32 konfigurerabara steg f\u00f6r bachning<\/p>\n<p>2 seriella utg\u00e5ngar f\u00f6r anslutning till skrivare och dator<\/p>\n<p>Kan f\u00f6rses med analog utg\u00e5ng<\/p>\n<p>Kan matas med 9-36 VDC<\/p>\n<p>Flera olika kommunikationssnitt, Ethernet, Profibus, DeviceNet,Wireless<\/p>\n<p>Intern uppl\u00f6sning 8 000 000 delningar, 23 bitar<\/p>\n<p>Displayuppl\u00f6sning 9 999 999 delningar<\/p>\n<p>Klarar upp till 16 lastceller<\/p>\n<p><a href=\"http:\/\/www.vagkonsult.se\/wp-content\/uploads\/2014\/02\/720i_LIT.pdf\">F\u00f6r datablad, klicka h\u00e4r<\/a><\/p>\n<p>&nbsp;<\/p>\n","protected":false},"excerpt":{"rendered":"<p>V\u00e5rt b\u00e4sts\u00e4ljande i programmerbara v\u00e5ginstrument. Det finns i tv\u00e5 olika kapslingar, universal med siffertangenter f\u00f6r inmatning av tex b\u00f6rv\u00e4rden och i panelmonterat utf\u00f6rande d\u00e4r inmatning sker genom att skrolla in siffror. Instrumentet har 8 digitala I\/O fritt programmerbara Datum och tid 32 konfigurerabara steg f\u00f6r bachning 2 seriella utg\u00e5ngar f\u00f6r anslutning till skrivare och dator Kan f\u00f6rses med analog utg\u00e5ng&#8230;<\/p>\n","protected":false},"author":1,"featured_media":0,"parent":86,"menu_order":0,"comment_status":"closed","ping_status":"closed","template":"page-templates\/template-full-width.php","meta":{"footnotes":""},"class_list":["post-265","page","type-page","status-publish","hentry","has_thumb"],"jetpack_shortlink":"https:\/\/wp.me\/Pcfo3k-4h","_links":{"self":[{"href":"https:\/\/www.vagkonsult.se\/index.php?rest_route=\/wp\/v2\/pages\/265","targetHints":{"allow":["GET"]}}],"collection":[{"href":"https:\/\/www.vagkonsult.se\/index.php?rest_route=\/wp\/v2\/pages"}],"about":[{"href":"https:\/\/www.vagkonsult.se\/index.php?rest_route=\/wp\/v2\/types\/page"}],"author":[{"embeddable":true,"href":"https:\/\/www.vagkonsult.se\/index.php?rest_route=\/wp\/v2\/users\/1"}],"replies":[{"embeddable":true,"href":"https:\/\/www.vagkonsult.se\/index.php?rest_route=%2Fwp%2Fv2%2Fcomments&post=265"}],"version-history":[{"count":5,"href":"https:\/\/www.vagkonsult.se\/index.php?rest_route=\/wp\/v2\/pages\/265\/revisions"}],"predecessor-version":[{"id":352,"href":"https:\/\/www.vagkonsult.se\/index.php?rest_route=\/wp\/v2\/pages\/265\/revisions\/352"}],"up":[{"embeddable":true,"href":"https:\/\/www.vagkonsult.se\/index.php?rest_route=\/wp\/v2\/pages\/86"}],"wp:attachment":[{"href":"https:\/\/www.vagkonsult.se\/index.php?rest_route=%2Fwp%2Fv2%2Fmedia&parent=265"}],"curies":[{"name":"wp","href":"https:\/\/api.w.org\/{rel}","templated":true}]}}