{"id":410,"date":"2014-03-06T14:49:47","date_gmt":"2014-03-06T13:49:47","guid":{"rendered":"http:\/\/www.vagkonsult.se\/?page_id=410"},"modified":"2014-03-06T14:49:47","modified_gmt":"2014-03-06T13:49:47","slug":"explorer","status":"publish","type":"page","link":"https:\/\/www.vagkonsult.se\/?page_id=410","title":{"rendered":"Explorer"},"content":{"rendered":"<p><a href=\"http:\/\/www.vagkonsult.se\/wp-content\/uploads\/2014\/02\/Explorer_stor.gif\" rel=\"gallery_group\"><img loading=\"lazy\" decoding=\"async\" class=\"alignnone size-medium wp-image-390\" alt=\"Explorer_stor\" src=\"http:\/\/www.vagkonsult.se\/wp-content\/uploads\/2014\/02\/Explorer_stor-300x230.gif\" width=\"300\" height=\"230\" \/><\/a><a href=\"http:\/\/www.vagkonsult.se\/wp-content\/uploads\/2014\/02\/Explorer__L2.gif\" rel=\"gallery_group\"><img loading=\"lazy\" decoding=\"async\" class=\"alignnone size-full wp-image-386\" alt=\"Explorer__L2\" src=\"http:\/\/www.vagkonsult.se\/wp-content\/uploads\/2014\/02\/Explorer__L2.gif\" width=\"300\" height=\"230\" \/><\/a><\/p>\n<p>&nbsp;<\/p>\n<p>Avancerad h\u00f6gprecisionsv\u00e5g. De finns fr\u00e5n 120 g maxvikt med uppl\u00f6sning fr\u00e5n 0,0001 g upp till em max vikt p\u00e5 10 kg med 0,1 g uppl\u00f6sning.<\/p>\n<p><a href=\"http:\/\/www.vagkonsult.se\/wp-content\/uploads\/2014\/03\/Explorer.pdf\">Datablad<\/a><\/p>\n","protected":false},"excerpt":{"rendered":"<p>&nbsp; Avancerad h\u00f6gprecisionsv\u00e5g. De finns fr\u00e5n 120 g maxvikt med uppl\u00f6sning fr\u00e5n 0,0001 g upp till em max vikt p\u00e5 10 kg med 0,1 g uppl\u00f6sning. Datablad<\/p>\n","protected":false},"author":1,"featured_media":0,"parent":98,"menu_order":0,"comment_status":"closed","ping_status":"closed","template":"page-templates\/template-full-width.php","meta":{"footnotes":""},"class_list":["post-410","page","type-page","status-publish","hentry","has_thumb"],"jetpack_shortlink":"https:\/\/wp.me\/Pcfo3k-6C","_links":{"self":[{"href":"https:\/\/www.vagkonsult.se\/index.php?rest_route=\/wp\/v2\/pages\/410","targetHints":{"allow":["GET"]}}],"collection":[{"href":"https:\/\/www.vagkonsult.se\/index.php?rest_route=\/wp\/v2\/pages"}],"about":[{"href":"https:\/\/www.vagkonsult.se\/index.php?rest_route=\/wp\/v2\/types\/page"}],"author":[{"embeddable":true,"href":"https:\/\/www.vagkonsult.se\/index.php?rest_route=\/wp\/v2\/users\/1"}],"replies":[{"embeddable":true,"href":"https:\/\/www.vagkonsult.se\/index.php?rest_route=%2Fwp%2Fv2%2Fcomments&post=410"}],"version-history":[{"count":1,"href":"https:\/\/www.vagkonsult.se\/index.php?rest_route=\/wp\/v2\/pages\/410\/revisions"}],"predecessor-version":[{"id":420,"href":"https:\/\/www.vagkonsult.se\/index.php?rest_route=\/wp\/v2\/pages\/410\/revisions\/420"}],"up":[{"embeddable":true,"href":"https:\/\/www.vagkonsult.se\/index.php?rest_route=\/wp\/v2\/pages\/98"}],"wp:attachment":[{"href":"https:\/\/www.vagkonsult.se\/index.php?rest_route=%2Fwp%2Fv2%2Fmedia&parent=410"}],"curies":[{"name":"wp","href":"https:\/\/api.w.org\/{rel}","templated":true}]}}