{"id":422,"date":"2014-03-06T14:54:55","date_gmt":"2014-03-06T13:54:55","guid":{"rendered":"http:\/\/www.vagkonsult.se\/?page_id=422"},"modified":"2014-03-06T14:56:06","modified_gmt":"2014-03-06T13:56:06","slug":"pioneer","status":"publish","type":"page","link":"https:\/\/www.vagkonsult.se\/?page_id=422","title":{"rendered":"Pioneer"},"content":{"rendered":"<p><a href=\"http:\/\/www.vagkonsult.se\/wp-content\/uploads\/2014\/02\/Pioneer-stor.gif\" rel=\"gallery_group\"><img loading=\"lazy\" decoding=\"async\" class=\"alignnone size-medium wp-image-393\" alt=\"Pioneer-stor\" src=\"http:\/\/www.vagkonsult.se\/wp-content\/uploads\/2014\/02\/Pioneer-stor-300x230.gif\" width=\"300\" height=\"230\" \/><\/a><\/p>\n<p>Pioneer<\/p>\n<p>En noggrann kontrollv\u00e5g som \u00e4ven kan fungera som r\u00e4knev\u00e5g. Vinns med inbyggd kontrollvikt.<\/p>\n<p>Kapaciteter fr\u00e5n 65 g med uppl\u00f6sningen 0,0001 g upp till 4100 g max vikt med 0,1 g uppl\u00f6sning.<\/p>\n<p><a href=\"http:\/\/www.vagkonsult.se\/wp-content\/uploads\/2014\/03\/Pioneer.pdf\">Datablad<\/a><\/p>\n","protected":false},"excerpt":{"rendered":"<p>Pioneer En noggrann kontrollv\u00e5g som \u00e4ven kan fungera som r\u00e4knev\u00e5g. Vinns med inbyggd kontrollvikt. Kapaciteter fr\u00e5n 65 g med uppl\u00f6sningen 0,0001 g upp till 4100 g max vikt med 0,1 g uppl\u00f6sning. Datablad<\/p>\n","protected":false},"author":1,"featured_media":0,"parent":98,"menu_order":0,"comment_status":"closed","ping_status":"closed","template":"page-templates\/template-full-width.php","meta":{"footnotes":""},"class_list":["post-422","page","type-page","status-publish","hentry","has_thumb"],"jetpack_shortlink":"https:\/\/wp.me\/Pcfo3k-6O","_links":{"self":[{"href":"https:\/\/www.vagkonsult.se\/index.php?rest_route=\/wp\/v2\/pages\/422","targetHints":{"allow":["GET"]}}],"collection":[{"href":"https:\/\/www.vagkonsult.se\/index.php?rest_route=\/wp\/v2\/pages"}],"about":[{"href":"https:\/\/www.vagkonsult.se\/index.php?rest_route=\/wp\/v2\/types\/page"}],"author":[{"embeddable":true,"href":"https:\/\/www.vagkonsult.se\/index.php?rest_route=\/wp\/v2\/users\/1"}],"replies":[{"embeddable":true,"href":"https:\/\/www.vagkonsult.se\/index.php?rest_route=%2Fwp%2Fv2%2Fcomments&post=422"}],"version-history":[{"count":2,"href":"https:\/\/www.vagkonsult.se\/index.php?rest_route=\/wp\/v2\/pages\/422\/revisions"}],"predecessor-version":[{"id":424,"href":"https:\/\/www.vagkonsult.se\/index.php?rest_route=\/wp\/v2\/pages\/422\/revisions\/424"}],"up":[{"embeddable":true,"href":"https:\/\/www.vagkonsult.se\/index.php?rest_route=\/wp\/v2\/pages\/98"}],"wp:attachment":[{"href":"https:\/\/www.vagkonsult.se\/index.php?rest_route=%2Fwp%2Fv2%2Fmedia&parent=422"}],"curies":[{"name":"wp","href":"https:\/\/api.w.org\/{rel}","templated":true}]}}