{"id":425,"date":"2014-03-06T14:59:08","date_gmt":"2014-03-06T13:59:08","guid":{"rendered":"http:\/\/www.vagkonsult.se\/?page_id=425"},"modified":"2014-03-06T15:01:56","modified_gmt":"2014-03-06T14:01:56","slug":"adventure","status":"publish","type":"page","link":"https:\/\/www.vagkonsult.se\/?page_id=425","title":{"rendered":"Adventurer"},"content":{"rendered":"<p><a href=\"http:\/\/www.vagkonsult.se\/wp-content\/uploads\/2014\/02\/Adventure-stor.gif\" rel=\"gallery_group\"><img loading=\"lazy\" decoding=\"async\" class=\"alignnone size-medium wp-image-391\" alt=\"Adventure-stor\" src=\"http:\/\/www.vagkonsult.se\/wp-content\/uploads\/2014\/02\/Adventure-stor-300x230.gif\" width=\"300\" height=\"230\" \/><\/a><\/p>\n<p>&nbsp;<\/p>\n<p>Adventurer en noggrann kontrollv\u00e5g. Kan anv\u00e4ndas som r\u00e4knev\u00e5g. Finns med inbyggd kontrollvikt.<\/p>\n<p>Kapacitet fr\u00e5n 210 g med 0,001 g uppl\u00f6sning upp till 8 100 g med 0,1 g uppl\u00f6sning.<\/p>\n<p><a href=\"http:\/\/www.vagkonsult.se\/wp-content\/uploads\/2014\/03\/Advernture.pdf\">Datablad<\/a><\/p>\n","protected":false},"excerpt":{"rendered":"<p>&nbsp; Adventurer en noggrann kontrollv\u00e5g. Kan anv\u00e4ndas som r\u00e4knev\u00e5g. Finns med inbyggd kontrollvikt. Kapacitet fr\u00e5n 210 g med 0,001 g uppl\u00f6sning upp till 8 100 g med 0,1 g uppl\u00f6sning. Datablad<\/p>\n","protected":false},"author":1,"featured_media":0,"parent":98,"menu_order":0,"comment_status":"closed","ping_status":"closed","template":"page-templates\/template-full-width.php","meta":{"footnotes":""},"class_list":["post-425","page","type-page","status-publish","hentry","has_thumb"],"jetpack_shortlink":"https:\/\/wp.me\/Pcfo3k-6R","_links":{"self":[{"href":"https:\/\/www.vagkonsult.se\/index.php?rest_route=\/wp\/v2\/pages\/425","targetHints":{"allow":["GET"]}}],"collection":[{"href":"https:\/\/www.vagkonsult.se\/index.php?rest_route=\/wp\/v2\/pages"}],"about":[{"href":"https:\/\/www.vagkonsult.se\/index.php?rest_route=\/wp\/v2\/types\/page"}],"author":[{"embeddable":true,"href":"https:\/\/www.vagkonsult.se\/index.php?rest_route=\/wp\/v2\/users\/1"}],"replies":[{"embeddable":true,"href":"https:\/\/www.vagkonsult.se\/index.php?rest_route=%2Fwp%2Fv2%2Fcomments&post=425"}],"version-history":[{"count":3,"href":"https:\/\/www.vagkonsult.se\/index.php?rest_route=\/wp\/v2\/pages\/425\/revisions"}],"predecessor-version":[{"id":429,"href":"https:\/\/www.vagkonsult.se\/index.php?rest_route=\/wp\/v2\/pages\/425\/revisions\/429"}],"up":[{"embeddable":true,"href":"https:\/\/www.vagkonsult.se\/index.php?rest_route=\/wp\/v2\/pages\/98"}],"wp:attachment":[{"href":"https:\/\/www.vagkonsult.se\/index.php?rest_route=%2Fwp%2Fv2%2Fmedia&parent=425"}],"curies":[{"name":"wp","href":"https:\/\/api.w.org\/{rel}","templated":true}]}}