{"id":431,"date":"2014-03-06T15:06:50","date_gmt":"2014-03-06T14:06:50","guid":{"rendered":"http:\/\/www.vagkonsult.se\/?page_id=431"},"modified":"2014-03-06T15:07:05","modified_gmt":"2014-03-06T14:07:05","slug":"scout-pro","status":"publish","type":"page","link":"https:\/\/www.vagkonsult.se\/?page_id=431","title":{"rendered":"Scout Pro"},"content":{"rendered":"<p><a href=\"http:\/\/www.vagkonsult.se\/wp-content\/uploads\/2014\/02\/Scout-stor.gif\" rel=\"gallery_group\"><img loading=\"lazy\" decoding=\"async\" class=\"alignnone size-medium wp-image-394\" alt=\"Scout-stor\" src=\"http:\/\/www.vagkonsult.se\/wp-content\/uploads\/2014\/02\/Scout-stor-300x230.gif\" width=\"300\" height=\"230\" \/><\/a><\/p>\n<p>&nbsp;<\/p>\n<p>Scout Pro, en enkel prisv\u00e4rd kontrollv\u00e5g som \u00e4r l\u00e4tt att ta med sig.<\/p>\n<p>Kapacitet \u00a0fr\u00e5n 200 g med\u00a00,01 g uppl\u00f6sning upp till 6 kg med 1 g uppl\u00f6sning<\/p>\n<p><a href=\"http:\/\/www.vagkonsult.se\/wp-content\/uploads\/2014\/03\/Scout-pro.pdf\">Datablad<\/a><\/p>\n","protected":false},"excerpt":{"rendered":"<p>&nbsp; Scout Pro, en enkel prisv\u00e4rd kontrollv\u00e5g som \u00e4r l\u00e4tt att ta med sig. Kapacitet \u00a0fr\u00e5n 200 g med\u00a00,01 g uppl\u00f6sning upp till 6 kg med 1 g uppl\u00f6sning Datablad<\/p>\n","protected":false},"author":1,"featured_media":0,"parent":98,"menu_order":0,"comment_status":"closed","ping_status":"closed","template":"page-templates\/template-full-width.php","meta":{"footnotes":""},"class_list":["post-431","page","type-page","status-publish","hentry","has_thumb"],"jetpack_shortlink":"https:\/\/wp.me\/Pcfo3k-6X","_links":{"self":[{"href":"https:\/\/www.vagkonsult.se\/index.php?rest_route=\/wp\/v2\/pages\/431","targetHints":{"allow":["GET"]}}],"collection":[{"href":"https:\/\/www.vagkonsult.se\/index.php?rest_route=\/wp\/v2\/pages"}],"about":[{"href":"https:\/\/www.vagkonsult.se\/index.php?rest_route=\/wp\/v2\/types\/page"}],"author":[{"embeddable":true,"href":"https:\/\/www.vagkonsult.se\/index.php?rest_route=\/wp\/v2\/users\/1"}],"replies":[{"embeddable":true,"href":"https:\/\/www.vagkonsult.se\/index.php?rest_route=%2Fwp%2Fv2%2Fcomments&post=431"}],"version-history":[{"count":1,"href":"https:\/\/www.vagkonsult.se\/index.php?rest_route=\/wp\/v2\/pages\/431\/revisions"}],"predecessor-version":[{"id":432,"href":"https:\/\/www.vagkonsult.se\/index.php?rest_route=\/wp\/v2\/pages\/431\/revisions\/432"}],"up":[{"embeddable":true,"href":"https:\/\/www.vagkonsult.se\/index.php?rest_route=\/wp\/v2\/pages\/98"}],"wp:attachment":[{"href":"https:\/\/www.vagkonsult.se\/index.php?rest_route=%2Fwp%2Fv2%2Fmedia&parent=431"}],"curies":[{"name":"wp","href":"https:\/\/api.w.org\/{rel}","templated":true}]}}