{"id":447,"date":"2014-03-06T15:39:18","date_gmt":"2014-03-06T14:39:18","guid":{"rendered":"http:\/\/www.vagkonsult.se\/?page_id=447"},"modified":"2014-03-06T15:40:39","modified_gmt":"2014-03-06T14:40:39","slug":"navigator","status":"publish","type":"page","link":"https:\/\/www.vagkonsult.se\/?page_id=447","title":{"rendered":"Navigator"},"content":{"rendered":"<p><a href=\"http:\/\/www.vagkonsult.se\/wp-content\/uploads\/2014\/02\/Navigator.gif\" rel=\"gallery_group\"><img loading=\"lazy\" decoding=\"async\" class=\"alignnone size-medium wp-image-434\" alt=\"Navigator\" src=\"http:\/\/www.vagkonsult.se\/wp-content\/uploads\/2014\/02\/Navigator-300x230.gif\" width=\"300\" height=\"230\" \/><\/a><\/p>\n<p>Navigator en liten prisv\u00e4rd kontrollv\u00e5g. Finns i kapacitet fr\u00e5n 210 g med 0,01 g uppl\u00f6sning upp till 5100 g med 0,5 g uppl\u00f6sning.<\/p>\n<p>V\u00e5gen g\u00e5r att f\u00e5 i typgodk\u00e4nt utf\u00f6rande s\u00e5 den kan anv\u00e4ndas i sm\u00e5butiker. Fungerar \u00e4ven p\u00e5 batteri.<\/p>\n<p><a href=\"http:\/\/www.vagkonsult.se\/wp-content\/uploads\/2014\/03\/Navigator.pdf\">Datablad<\/a><\/p>\n<p>&nbsp;<\/p>\n","protected":false},"excerpt":{"rendered":"<p>Navigator en liten prisv\u00e4rd kontrollv\u00e5g. Finns i kapacitet fr\u00e5n 210 g med 0,01 g uppl\u00f6sning upp till 5100 g med 0,5 g uppl\u00f6sning. V\u00e5gen g\u00e5r att f\u00e5 i typgodk\u00e4nt utf\u00f6rande s\u00e5 den kan anv\u00e4ndas i sm\u00e5butiker. Fungerar \u00e4ven p\u00e5 batteri. Datablad &nbsp;<\/p>\n","protected":false},"author":1,"featured_media":0,"parent":98,"menu_order":0,"comment_status":"closed","ping_status":"closed","template":"page-templates\/template-full-width.php","meta":{"footnotes":""},"class_list":["post-447","page","type-page","status-publish","hentry","has_thumb"],"jetpack_shortlink":"https:\/\/wp.me\/Pcfo3k-7d","_links":{"self":[{"href":"https:\/\/www.vagkonsult.se\/index.php?rest_route=\/wp\/v2\/pages\/447","targetHints":{"allow":["GET"]}}],"collection":[{"href":"https:\/\/www.vagkonsult.se\/index.php?rest_route=\/wp\/v2\/pages"}],"about":[{"href":"https:\/\/www.vagkonsult.se\/index.php?rest_route=\/wp\/v2\/types\/page"}],"author":[{"embeddable":true,"href":"https:\/\/www.vagkonsult.se\/index.php?rest_route=\/wp\/v2\/users\/1"}],"replies":[{"embeddable":true,"href":"https:\/\/www.vagkonsult.se\/index.php?rest_route=%2Fwp%2Fv2%2Fcomments&post=447"}],"version-history":[{"count":1,"href":"https:\/\/www.vagkonsult.se\/index.php?rest_route=\/wp\/v2\/pages\/447\/revisions"}],"predecessor-version":[{"id":448,"href":"https:\/\/www.vagkonsult.se\/index.php?rest_route=\/wp\/v2\/pages\/447\/revisions\/448"}],"up":[{"embeddable":true,"href":"https:\/\/www.vagkonsult.se\/index.php?rest_route=\/wp\/v2\/pages\/98"}],"wp:attachment":[{"href":"https:\/\/www.vagkonsult.se\/index.php?rest_route=%2Fwp%2Fv2%2Fmedia&parent=447"}],"curies":[{"name":"wp","href":"https:\/\/api.w.org\/{rel}","templated":true}]}}