{"id":487,"date":"2014-03-06T21:52:33","date_gmt":"2014-03-06T20:52:33","guid":{"rendered":"http:\/\/www.vagkonsult.se\/?page_id=487"},"modified":"2014-03-06T21:53:09","modified_gmt":"2014-03-06T20:53:09","slug":"ranger-count","status":"publish","type":"page","link":"https:\/\/www.vagkonsult.se\/?page_id=487","title":{"rendered":"Ranger count"},"content":{"rendered":"<p><a href=\"http:\/\/www.vagkonsult.se\/wp-content\/uploads\/2014\/02\/RC3000_appl2.gif\" rel=\"gallery_group\"><img loading=\"lazy\" decoding=\"async\" class=\"alignnone size-medium wp-image-471\" alt=\"RC3000_appl2\" src=\"http:\/\/www.vagkonsult.se\/wp-content\/uploads\/2014\/02\/RC3000_appl2-300x230.gif\" width=\"300\" height=\"230\" \/><\/a><\/p>\n<p>&nbsp;<\/p>\n<p>Avancerad men \u00e4nd\u00e5 l\u00e4ttanv\u00e4nd r\u00e4knev\u00e5g. Inmatning av k\u00e4nd styckevikt, k\u00e4nd tara, valfritt antal provdetaljer.<\/p>\n<p>Finns i kapacitet fr\u00e5n 1,5 kg med 0,05 g uppl\u00f6sning upp till 30 kg med 1 g uppl\u00f6sning.<\/p>\n<p>500 000 intern uppl\u00f6sning. Kan g\u00f6ras p\u00e5 batteri som r\u00e4cker upp till 210 timmar p\u00e5 en laddning.<\/p>\n<p><a href=\"http:\/\/www.vagkonsult.se\/wp-content\/uploads\/2014\/03\/Ranger-3000.pdf\">Datablad<\/a><\/p>\n","protected":false},"excerpt":{"rendered":"<p>&nbsp; Avancerad men \u00e4nd\u00e5 l\u00e4ttanv\u00e4nd r\u00e4knev\u00e5g. Inmatning av k\u00e4nd styckevikt, k\u00e4nd tara, valfritt antal provdetaljer. Finns i kapacitet fr\u00e5n 1,5 kg med 0,05 g uppl\u00f6sning upp till 30 kg med 1 g uppl\u00f6sning. 500 000 intern uppl\u00f6sning. Kan g\u00f6ras p\u00e5 batteri som r\u00e4cker upp till 210 timmar p\u00e5 en laddning. Datablad<\/p>\n","protected":false},"author":1,"featured_media":0,"parent":94,"menu_order":0,"comment_status":"closed","ping_status":"closed","template":"page-templates\/template-full-width.php","meta":{"footnotes":""},"class_list":["post-487","page","type-page","status-publish","hentry","has_thumb"],"jetpack_shortlink":"https:\/\/wp.me\/Pcfo3k-7R","_links":{"self":[{"href":"https:\/\/www.vagkonsult.se\/index.php?rest_route=\/wp\/v2\/pages\/487","targetHints":{"allow":["GET"]}}],"collection":[{"href":"https:\/\/www.vagkonsult.se\/index.php?rest_route=\/wp\/v2\/pages"}],"about":[{"href":"https:\/\/www.vagkonsult.se\/index.php?rest_route=\/wp\/v2\/types\/page"}],"author":[{"embeddable":true,"href":"https:\/\/www.vagkonsult.se\/index.php?rest_route=\/wp\/v2\/users\/1"}],"replies":[{"embeddable":true,"href":"https:\/\/www.vagkonsult.se\/index.php?rest_route=%2Fwp%2Fv2%2Fcomments&post=487"}],"version-history":[{"count":1,"href":"https:\/\/www.vagkonsult.se\/index.php?rest_route=\/wp\/v2\/pages\/487\/revisions"}],"predecessor-version":[{"id":488,"href":"https:\/\/www.vagkonsult.se\/index.php?rest_route=\/wp\/v2\/pages\/487\/revisions\/488"}],"up":[{"embeddable":true,"href":"https:\/\/www.vagkonsult.se\/index.php?rest_route=\/wp\/v2\/pages\/94"}],"wp:attachment":[{"href":"https:\/\/www.vagkonsult.se\/index.php?rest_route=%2Fwp%2Fv2%2Fmedia&parent=487"}],"curies":[{"name":"wp","href":"https:\/\/api.w.org\/{rel}","templated":true}]}}