{"id":490,"date":"2014-03-07T09:28:15","date_gmt":"2014-03-07T08:28:15","guid":{"rendered":"http:\/\/www.vagkonsult.se\/?page_id=490"},"modified":"2014-03-07T09:28:15","modified_gmt":"2014-03-07T08:28:15","slug":"iq390","status":"publish","type":"page","link":"https:\/\/www.vagkonsult.se\/?page_id=490","title":{"rendered":"IQ390"},"content":{"rendered":"<p><a href=\"http:\/\/www.vagkonsult.se\/wp-content\/uploads\/2014\/02\/390_stor.gif\" rel=\"gallery_group\"><img loading=\"lazy\" decoding=\"async\" class=\"alignnone size-medium wp-image-184\" alt=\"390_stor\" src=\"http:\/\/www.vagkonsult.se\/wp-content\/uploads\/2014\/02\/390_stor-300x230.gif\" width=\"300\" height=\"230\" \/><\/a><\/p>\n<p>&nbsp;<\/p>\n<p>IQ390 fr\u00e5n Rice Lake. Det \u00e4r ett v\u00e5ginstrument med stora tydliga siffror. Kan k\u00f6ras p\u00e5 batteri.<\/p>\n<p>L\u00e4mpligt d\u00e4r mobil v\u00e4gning sker. Instrumentet kan driva 4 st lastceller.<\/p>\n<p>25 mm h\u00f6ga tydliga siffror, 100 000 internuppl\u00f6sning.<\/p>\n<p><a href=\"http:\/\/www.vagkonsult.se\/wp-content\/uploads\/2014\/03\/IQ390.pdf\">Datablad<\/a><\/p>\n","protected":false},"excerpt":{"rendered":"<p>&nbsp; IQ390 fr\u00e5n Rice Lake. Det \u00e4r ett v\u00e5ginstrument med stora tydliga siffror. Kan k\u00f6ras p\u00e5 batteri. L\u00e4mpligt d\u00e4r mobil v\u00e4gning sker. Instrumentet kan driva 4 st lastceller. 25 mm h\u00f6ga tydliga siffror, 100 000 internuppl\u00f6sning. Datablad<\/p>\n","protected":false},"author":1,"featured_media":0,"parent":0,"menu_order":0,"comment_status":"closed","ping_status":"closed","template":"","meta":{"footnotes":""},"class_list":["post-490","page","type-page","status-publish","hentry","has_thumb"],"jetpack_shortlink":"https:\/\/wp.me\/Pcfo3k-7U","_links":{"self":[{"href":"https:\/\/www.vagkonsult.se\/index.php?rest_route=\/wp\/v2\/pages\/490","targetHints":{"allow":["GET"]}}],"collection":[{"href":"https:\/\/www.vagkonsult.se\/index.php?rest_route=\/wp\/v2\/pages"}],"about":[{"href":"https:\/\/www.vagkonsult.se\/index.php?rest_route=\/wp\/v2\/types\/page"}],"author":[{"embeddable":true,"href":"https:\/\/www.vagkonsult.se\/index.php?rest_route=\/wp\/v2\/users\/1"}],"replies":[{"embeddable":true,"href":"https:\/\/www.vagkonsult.se\/index.php?rest_route=%2Fwp%2Fv2%2Fcomments&post=490"}],"version-history":[{"count":1,"href":"https:\/\/www.vagkonsult.se\/index.php?rest_route=\/wp\/v2\/pages\/490\/revisions"}],"predecessor-version":[{"id":492,"href":"https:\/\/www.vagkonsult.se\/index.php?rest_route=\/wp\/v2\/pages\/490\/revisions\/492"}],"wp:attachment":[{"href":"https:\/\/www.vagkonsult.se\/index.php?rest_route=%2Fwp%2Fv2%2Fmedia&parent=490"}],"curies":[{"name":"wp","href":"https:\/\/api.w.org\/{rel}","templated":true}]}}