{"id":72,"date":"2014-02-04T09:05:32","date_gmt":"2014-02-04T08:05:32","guid":{"rendered":"http:\/\/www.vagkonsult.se\/newsite\/?page_id=72"},"modified":"2014-03-06T09:45:27","modified_gmt":"2014-03-06T08:45:27","slug":"auktoriserad-kalibrering","status":"publish","type":"page","link":"https:\/\/www.vagkonsult.se\/?page_id=72","title":{"rendered":"Kalibrering"},"content":{"rendered":"<div class=\"column-grid column-grid-4\"><div class=\"column column-span-1 column-push-0 column-first\"><\/p>\n<p><a href=\"http:\/\/www.vagkonsult.se\/wp-content\/uploads\/2014\/02\/Vikter.gif\" rel=\"gallery_group\"><img loading=\"lazy\" decoding=\"async\" class=\"alignnone size-full wp-image-57\" alt=\"Vikter\" src=\"http:\/\/www.vagkonsult.se\/wp-content\/uploads\/2014\/02\/Vikter.gif\" width=\"300\" height=\"230\" \/><\/a><\/p>\n<p>\n<\/div>\n<p>Varf\u00f6r ska du:<br \/>\nKalibrera dina v\u00e5gar ?<br \/>\n<span style=\"line-height: 1.5em;\">Anlita ett ackrediterat laboratorium f\u00f6r kalibreringen?<br \/>\n<\/span>Erh\u00e5lla en m\u00e4tos\u00e4kerhet p\u00e5 kalibreringen?<br \/>\n<span style=\"line-height: 1.5em;\">Kalibrera enligt en dokumenterad metod?<br \/>\n<\/span><span style=\"line-height: 1.5em;\">Erh\u00e5lla ett kalibreringsbevis?<\/span><\/p>\n<p>Kalibrering:<\/p>\n<p>Enda s\u00e4ttet att kalibrera v\u00e5gar \u00e4r att anv\u00e4nda viktnormaler som \u00e4r sp\u00e5rbart kalibrerade. Med sp\u00e5rbart menas att det finns en dokumenterad och obruten kedja av kalibreringar till den internationella viktnormalen i Paris.<\/p>\n<p>Vid kalibreringen dokumenteras vad v\u00e5gen visar n\u00e4r en k\u00e4nd massa placeras p\u00e5 v\u00e5gen. Detta ska ske i l\u00e4mpliga steg och med en dokumenterad och v\u00e4ldefinierad metod.<\/p>\n<p>Regelbunden kalibrering<\/p>\n<p>Utan regelbunden kalibrering med sp\u00e5rbara viktnormaler gissar du resultatet. Alla v\u00e5gar driver i resultat efter en tids anv\u00e4ndning. Det kan orsakas av yttre faktorer eller normalt slitage och \u00e5ldrande. Om du d\u00e5 litar p\u00e5 v\u00e5gens visning kan det orsaka h\u00f6ga kostnader f\u00f6r er i form av svinn, felaktiga produkter eller missn\u00f6jda kunder.<\/p>\n<p>Tank\/Beh\u00e5llarv\u00e5gar<\/p>\n<p>Vid anv\u00e4ndandet av stora v\u00e5gar har det alltid varit sv\u00e5rt att f\u00e5 dem r\u00e4tt kalibrerade med vikter d\u00e5 det \u00e4r sv\u00e5rt eller om\u00f6jligt att placera p\u00e5 vikter till v\u00e5gens maxvikt.<\/p>\n<p>Vi har en godk\u00e4nd metod d\u00e4r endast en mindre del vikter placeras p\u00e5 v\u00e5gen f\u00f6r att sedan ers\u00e4ttas med en ok\u00e4nd taravikt. D\u00e4refter placeras vikter p\u00e5 igen.<\/p>\n<p>Med metoden vi kan utf\u00f6ra det i flera steg och kan r\u00e4kna ut en m\u00e4tos\u00e4kerhet p\u00e5kalibreringen. M\u00e4tos\u00e4kerheten \u00e4r direkt avh\u00e4ngd av i hur m\u00e5nga steg som kalibreringen utf\u00f6rs i. Ju f\u00e4rre steg desto b\u00e4ttre m\u00e4tos\u00e4kerhet.<\/p>\n<p>M\u00e4tos\u00e4kerhet:<\/p>\n<p>Vid all m\u00e4tning finns en m\u00e4tos\u00e4kerhet. Den p\u00e5verkas av m\u00e4tmilj\u00f6n, anv\u00e4nd utrustning m\u00e4tmetod, objektets status mm.<\/p>\n<p>En kalibrering utan att redovisa en os\u00e4kerhet p\u00e5 presenterat resultat \u00e4r en helt v\u00e4rdel\u00f6s kalibrering.<\/p>\n<p>Kalibreringsbevis:<\/p>\n<p>I kalibreringsbeviset som skrivs och \u00f6vers\u00e4nds till uppdragsgivaren anges f\u00f6rutom resultatet av kalibreringen och m\u00e4tos\u00e4kerheten en m\u00e4ngd data som kan vara nyttiga att k\u00e4nna till vid anv\u00e4ndandet av utrustningen. Det \u00e4r bl.a. datum f\u00f6r utf\u00f6rd kalibrering, temperatur, identifiering av m\u00e4tobjektet, uppgift om st\u00f6rande faktorer.<\/p>\n<p>Om v\u00e5gen har justerats i samband med kalibreringen noteras resultatet b\u00e5de f\u00f6re och efter justeringen.<\/p>\n<p>Man b\u00f6r ha rutiner f\u00f6r att s\u00e4kerst\u00e4lla resultatet mellan ordinarie kalibreringar. N\u00e5gon kan tappa n\u00e5got p\u00e5 v\u00e5gen s\u00e5 att resultatet \u00e4ndrats eller n\u00e5got kan g\u00e5 s\u00f6nder i v\u00e5gen.<\/p>\n<p>Ackreditering:<\/p>\n<p>N\u00e4r du anlitar ett av SWEDAC ackrediterat laboratorium f\u00f6r kalibrering av dina v\u00e5gar anlitar du ett f\u00f6retag som f\u00f6ljer vissa givna normer. De metoder som anv\u00e4nds \u00e4r granskade och godk\u00e4nda av SWEDAC och f\u00f6ljer kraven i ISO 17025. D\u00e4rmed blir utrustningen kalibrerad med internationellt sp\u00e5rbart resultat.<\/p>\n<p>SWEDAC g\u00f6r \u00e5rlig tillsyn av verksamheten i f\u00f6retaget vilket bland annat innefattar utrustningen, personalens kompetens, kvalitetssystem, metoder och utf\u00e4rdade kalibreringsbevis.<\/p>\n<p>Det finns v\u00e5gar i industrin som inte g\u00e5r att kalibrera enligt de metoder som finns inom ackrediteringen. D\u00e5 kan endast ett belastningsprotokoll utf\u00e4rdas. Om en s\u00e5dan metod anv\u00e4nds anges det tydligt f\u00f6re kalibreringen och \u00e4ven i utf\u00e4rdat belastningsprotokoll.<\/p>\n<p>Sekretess:<\/p>\n<p>Allt arbete sker under st\u00f6rsta sekretess. V\u00e5gar st\u00e5r ofta i f\u00f6retagens k\u00e4nsligaste produktionslokaler. D\u00e4rf\u00f6r f\u00e5r inget av resultatet eller produktionsl\u00f6sningar f\u00f6ras vidare p\u00e5 n\u00e5got s\u00e4tt s\u00e5 det kan komma konkurrenter till f\u00f6rdel.<\/p>\n<p>&nbsp;<\/p>\n","protected":false},"excerpt":{"rendered":"<p>Varf\u00f6r ska du: Kalibrera dina v\u00e5gar ? Anlita ett ackrediterat laboratorium f\u00f6r kalibreringen? Erh\u00e5lla en m\u00e4tos\u00e4kerhet p\u00e5 kalibreringen? Kalibrera enligt en dokumenterad metod? Erh\u00e5lla ett kalibreringsbevis? Kalibrering: Enda s\u00e4ttet att kalibrera v\u00e5gar \u00e4r att anv\u00e4nda viktnormaler som \u00e4r sp\u00e5rbart kalibrerade. Med sp\u00e5rbart menas att det finns en dokumenterad och obruten kedja av kalibreringar till den internationella viktnormalen i Paris. Vid&#8230;<\/p>\n","protected":false},"author":1,"featured_media":0,"parent":12,"menu_order":1,"comment_status":"closed","ping_status":"closed","template":"page-templates\/template-full-width.php","meta":{"footnotes":""},"class_list":["post-72","page","type-page","status-publish","hentry","has_thumb"],"jetpack_shortlink":"https:\/\/wp.me\/Pcfo3k-1a","_links":{"self":[{"href":"https:\/\/www.vagkonsult.se\/index.php?rest_route=\/wp\/v2\/pages\/72","targetHints":{"allow":["GET"]}}],"collection":[{"href":"https:\/\/www.vagkonsult.se\/index.php?rest_route=\/wp\/v2\/pages"}],"about":[{"href":"https:\/\/www.vagkonsult.se\/index.php?rest_route=\/wp\/v2\/types\/page"}],"author":[{"embeddable":true,"href":"https:\/\/www.vagkonsult.se\/index.php?rest_route=\/wp\/v2\/users\/1"}],"replies":[{"embeddable":true,"href":"https:\/\/www.vagkonsult.se\/index.php?rest_route=%2Fwp%2Fv2%2Fcomments&post=72"}],"version-history":[{"count":15,"href":"https:\/\/www.vagkonsult.se\/index.php?rest_route=\/wp\/v2\/pages\/72\/revisions"}],"predecessor-version":[{"id":355,"href":"https:\/\/www.vagkonsult.se\/index.php?rest_route=\/wp\/v2\/pages\/72\/revisions\/355"}],"up":[{"embeddable":true,"href":"https:\/\/www.vagkonsult.se\/index.php?rest_route=\/wp\/v2\/pages\/12"}],"wp:attachment":[{"href":"https:\/\/www.vagkonsult.se\/index.php?rest_route=%2Fwp%2Fv2%2Fmedia&parent=72"}],"curies":[{"name":"wp","href":"https:\/\/api.w.org\/{rel}","templated":true}]}}