{"id":90,"date":"2014-02-04T09:49:44","date_gmt":"2014-02-04T08:49:44","guid":{"rendered":"http:\/\/www.vagkonsult.se\/newsite\/?page_id=90"},"modified":"2017-03-14T07:49:59","modified_gmt":"2017-03-14T06:49:59","slug":"bandvagar","status":"publish","type":"page","link":"https:\/\/www.vagkonsult.se\/?page_id=90","title":{"rendered":"Bandv\u00e5gar"},"content":{"rendered":"<div class=\"column-grid column-grid-4\"><div class=\"column column-span-1 column-push-0 column-first\"><\/p>\n<p><a href=\"http:\/\/www.vagkonsult.se\/wp-content\/uploads\/2014\/02\/Bandvag.gif\" rel=\"gallery_group\"><img loading=\"lazy\" decoding=\"async\" class=\"alignnone size-full wp-image-53\" alt=\"Bandvag\" src=\"http:\/\/www.vagkonsult.se\/wp-content\/uploads\/2014\/02\/Bandvag.gif\" width=\"300\" height=\"230\" \/><\/a><\/p>\n<p><a href=\"http:\/\/www.vagkonsult.se\/wp-content\/uploads\/2014\/02\/BELT-SCALES4.gif\" rel=\"gallery_group\"><img loading=\"lazy\" decoding=\"async\" class=\"alignnone size-medium wp-image-279\" alt=\"BELT-SCALES4\" src=\"http:\/\/www.vagkonsult.se\/wp-content\/uploads\/2014\/02\/BELT-SCALES4-300x230.gif\" width=\"300\" height=\"230\" \/><\/a><\/p>\n<p>\n<\/div>\n<div class=\"column column-span-1 column-push-0\"><\/p>\n<p><a href=\"http:\/\/www.vagkonsult.se\/wp-content\/uploads\/2014\/02\/BELT-SCALES3.gif\" rel=\"gallery_group\"><img loading=\"lazy\" decoding=\"async\" class=\"alignnone size-medium wp-image-280\" alt=\"BELT-SCALES3\" src=\"http:\/\/www.vagkonsult.se\/wp-content\/uploads\/2014\/02\/BELT-SCALES3-300x230.gif\" width=\"300\" height=\"230\" \/><\/a><\/p>\n<p><a style=\"line-height: 1.5em;\" href=\"http:\/\/www.vagkonsult.se\/wp-content\/uploads\/2014\/02\/BELT-SCALES2.gif\" rel=\"gallery_group\"><img loading=\"lazy\" decoding=\"async\" class=\"alignnone size-medium wp-image-281\" alt=\"BELT-SCALES2\" src=\"http:\/\/www.vagkonsult.se\/wp-content\/uploads\/2014\/02\/BELT-SCALES2-300x230.gif\" width=\"300\" height=\"230\" \/><\/a><\/p>\n<p>\n<\/div>\n<div class=\"column column-span-1 column-push-0\"><\/p>\n<p><a href=\"http:\/\/www.vagkonsult.se\/wp-content\/uploads\/2014\/02\/BELT-SCALES1.gif\" rel=\"gallery_group\"><img loading=\"lazy\" decoding=\"async\" class=\"alignnone size-medium wp-image-282\" alt=\"BELT-SCALES1\" src=\"http:\/\/www.vagkonsult.se\/wp-content\/uploads\/2014\/02\/BELT-SCALES1-300x230.gif\" width=\"300\" height=\"230\" \/><\/a><\/p>\n<p><a href=\"http:\/\/www.vagkonsult.se\/wp-content\/uploads\/2014\/02\/BELT-SCALES5.gif\" rel=\"gallery_group\"><img loading=\"lazy\" decoding=\"async\" class=\"alignnone size-medium wp-image-294\" alt=\"BELT-SCALES5\" src=\"http:\/\/www.vagkonsult.se\/wp-content\/uploads\/2014\/02\/BELT-SCALES5-300x230.gif\" width=\"300\" height=\"230\" \/><\/a><\/p>\n<p>\n<\/div>\n<p>V\u00e5r huvudleverant\u00f6r av v\u00e5gutrustning, RiceLake Weighing System \u00e4ger sedan en tid tillbaka Master Engineering i Nederl\u00e4nderna.<\/p>\n<p>D\u00e4rmed kan vi nu erbjuda bandv\u00e5gar. De finns i olika kapacitet och noggrannhet.<\/p>\n<p>Det finns f\u00f6r v\u00e4gning av tr\u00e4pellets, sand, sten, malm, \u00f6ver allt d\u00e4r du m\u00e5ste v\u00e4ga dynamiskt.<\/p>\n<p>Utrustningen kan levereras med en, tv\u00e5 eller flera lastb\u00e4rare allt beroende p\u00e5 kapacitet och noggrannhet.<\/p>\n","protected":false},"excerpt":{"rendered":"<p>V\u00e5r huvudleverant\u00f6r av v\u00e5gutrustning, RiceLake Weighing System \u00e4ger sedan en tid tillbaka Master Engineering i Nederl\u00e4nderna. D\u00e4rmed kan vi nu erbjuda bandv\u00e5gar. De finns i olika kapacitet och noggrannhet. Det finns f\u00f6r v\u00e4gning av tr\u00e4pellets, sand, sten, malm, \u00f6ver allt d\u00e4r du m\u00e5ste v\u00e4ga dynamiskt. Utrustningen kan levereras med en, tv\u00e5 eller flera lastb\u00e4rare allt beroende p\u00e5 kapacitet och noggrannhet.<\/p>\n","protected":false},"author":1,"featured_media":0,"parent":12,"menu_order":3,"comment_status":"closed","ping_status":"closed","template":"page-templates\/template-full-width.php","meta":{"footnotes":""},"class_list":["post-90","page","type-page","status-publish","hentry","has_thumb"],"jetpack_shortlink":"https:\/\/wp.me\/Pcfo3k-1s","_links":{"self":[{"href":"https:\/\/www.vagkonsult.se\/index.php?rest_route=\/wp\/v2\/pages\/90","targetHints":{"allow":["GET"]}}],"collection":[{"href":"https:\/\/www.vagkonsult.se\/index.php?rest_route=\/wp\/v2\/pages"}],"about":[{"href":"https:\/\/www.vagkonsult.se\/index.php?rest_route=\/wp\/v2\/types\/page"}],"author":[{"embeddable":true,"href":"https:\/\/www.vagkonsult.se\/index.php?rest_route=\/wp\/v2\/users\/1"}],"replies":[{"embeddable":true,"href":"https:\/\/www.vagkonsult.se\/index.php?rest_route=%2Fwp%2Fv2%2Fcomments&post=90"}],"version-history":[{"count":17,"href":"https:\/\/www.vagkonsult.se\/index.php?rest_route=\/wp\/v2\/pages\/90\/revisions"}],"predecessor-version":[{"id":532,"href":"https:\/\/www.vagkonsult.se\/index.php?rest_route=\/wp\/v2\/pages\/90\/revisions\/532"}],"up":[{"embeddable":true,"href":"https:\/\/www.vagkonsult.se\/index.php?rest_route=\/wp\/v2\/pages\/12"}],"wp:attachment":[{"href":"https:\/\/www.vagkonsult.se\/index.php?rest_route=%2Fwp%2Fv2%2Fmedia&parent=90"}],"curies":[{"name":"wp","href":"https:\/\/api.w.org\/{rel}","templated":true}]}}