{"id":94,"date":"2014-02-04T09:52:06","date_gmt":"2014-02-04T08:52:06","guid":{"rendered":"http:\/\/www.vagkonsult.se\/newsite\/?page_id=94"},"modified":"2014-03-06T21:54:01","modified_gmt":"2014-03-06T20:54:01","slug":"raknevagar","status":"publish","type":"page","link":"https:\/\/www.vagkonsult.se\/?page_id=94","title":{"rendered":"R\u00e4knev\u00e5gar"},"content":{"rendered":"<div class=\"column-grid column-grid-4\"><div class=\"column column-span-1 column-push-0 column-first\"><\/p>\n<p><a title=\"Ranger count\" href=\"http:\/\/www.vagkonsult.se\/?page_id=487\"><img loading=\"lazy\" decoding=\"async\" class=\"alignnone size-medium wp-image-472\" alt=\"RC3000__l\" src=\"http:\/\/www.vagkonsult.se\/wp-content\/uploads\/2014\/02\/RC3000__l-300x230.gif\" width=\"300\" height=\"230\" \/><\/a><\/p>\n<p style=\"text-align: center;\">Ranger Count 3000<\/p>\n<p><a title=\"Navigator\" href=\"http:\/\/www.vagkonsult.se\/?page_id=447\"><img loading=\"lazy\" decoding=\"async\" class=\"alignnone size-full wp-image-433\" alt=\"Navigator_l\" src=\"http:\/\/www.vagkonsult.se\/wp-content\/uploads\/2014\/02\/Navigator_l.gif\" width=\"300\" height=\"230\" \/><\/a><\/p>\n<p style=\"text-align: center;\">Navigator<\/p>\n<p>\n<\/div>\n<div class=\"column column-span-1 column-push-0\"><\/p>\n<p><a href=\"http:\/\/www.vagkonsult.se\/wp-content\/uploads\/2014\/02\/920_front_liten.gif\" rel=\"gallery_group\"><img loading=\"lazy\" decoding=\"async\" class=\"alignnone size-full wp-image-191\" alt=\"920_front_liten\" src=\"http:\/\/www.vagkonsult.se\/wp-content\/uploads\/2014\/02\/920_front_liten.gif\" width=\"300\" height=\"230\" \/><\/a><\/p>\n<p style=\"text-align: center;\">RiceLake 920i<\/p>\n<p><a href=\"http:\/\/www.vagkonsult.se\/wp-content\/uploads\/2014\/02\/Explorer_L.gif\" rel=\"gallery_group\"><img loading=\"lazy\" decoding=\"async\" class=\"alignnone size-full wp-image-408\" alt=\"Explorer_L\" src=\"http:\/\/www.vagkonsult.se\/wp-content\/uploads\/2014\/02\/Explorer_L.gif\" width=\"300\" height=\"230\" \/><\/a><\/p>\n<p style=\"text-align: center;\">Explorer<\/p>\n<p>\n<\/div>\n<div class=\"column column-span-1 column-push-0\"><\/p>\n<p><a href=\"http:\/\/www.vagkonsult.se\/wp-content\/uploads\/2014\/02\/Pioneer-L.gif\" rel=\"gallery_group\"><img loading=\"lazy\" decoding=\"async\" class=\"alignnone size-full wp-image-395\" alt=\"Pioneer-L\" src=\"http:\/\/www.vagkonsult.se\/wp-content\/uploads\/2014\/02\/Pioneer-L.gif\" width=\"300\" height=\"230\" \/><\/a><\/p>\n<p style=\"text-align: center;\">Pioneer<\/p>\n<p><a href=\"http:\/\/www.vagkonsult.se\/wp-content\/uploads\/2014\/02\/Defender5000_L.gif\" rel=\"gallery_group\"><img loading=\"lazy\" decoding=\"async\" class=\"alignnone size-full wp-image-478\" alt=\"Defender5000_L\" src=\"http:\/\/www.vagkonsult.se\/wp-content\/uploads\/2014\/02\/Defender5000_L.gif\" width=\"300\" height=\"230\" \/><\/a><\/p>\n<p style=\"text-align: center;\">Defender<\/p>\n<p>\n<\/div>\n<p>Vi kan erbjuda r\u00e4knev\u00e5gar till de flesta \u00e4ndam\u00e5l.<\/p>\n<p>Enkla v\u00e5gar med fast provantal, till avancerade systemr\u00e4knev\u00e5gar anslutna till handscanner, etikettprinter och datoranslutna.<\/p>\n","protected":false},"excerpt":{"rendered":"<p>Vi kan erbjuda r\u00e4knev\u00e5gar till de flesta \u00e4ndam\u00e5l. Enkla v\u00e5gar med fast provantal, till avancerade systemr\u00e4knev\u00e5gar anslutna till handscanner, etikettprinter och datoranslutna.<\/p>\n","protected":false},"author":1,"featured_media":0,"parent":12,"menu_order":4,"comment_status":"closed","ping_status":"closed","template":"page-templates\/template-full-width.php","meta":{"footnotes":""},"class_list":["post-94","page","type-page","status-publish","hentry","has_thumb"],"jetpack_shortlink":"https:\/\/wp.me\/Pcfo3k-1w","_links":{"self":[{"href":"https:\/\/www.vagkonsult.se\/index.php?rest_route=\/wp\/v2\/pages\/94","targetHints":{"allow":["GET"]}}],"collection":[{"href":"https:\/\/www.vagkonsult.se\/index.php?rest_route=\/wp\/v2\/pages"}],"about":[{"href":"https:\/\/www.vagkonsult.se\/index.php?rest_route=\/wp\/v2\/types\/page"}],"author":[{"embeddable":true,"href":"https:\/\/www.vagkonsult.se\/index.php?rest_route=\/wp\/v2\/users\/1"}],"replies":[{"embeddable":true,"href":"https:\/\/www.vagkonsult.se\/index.php?rest_route=%2Fwp%2Fv2%2Fcomments&post=94"}],"version-history":[{"count":18,"href":"https:\/\/www.vagkonsult.se\/index.php?rest_route=\/wp\/v2\/pages\/94\/revisions"}],"predecessor-version":[{"id":489,"href":"https:\/\/www.vagkonsult.se\/index.php?rest_route=\/wp\/v2\/pages\/94\/revisions\/489"}],"up":[{"embeddable":true,"href":"https:\/\/www.vagkonsult.se\/index.php?rest_route=\/wp\/v2\/pages\/12"}],"wp:attachment":[{"href":"https:\/\/www.vagkonsult.se\/index.php?rest_route=%2Fwp%2Fv2%2Fmedia&parent=94"}],"curies":[{"name":"wp","href":"https:\/\/api.w.org\/{rel}","templated":true}]}}